{"id":38,"date":"2024-05-20T18:01:13","date_gmt":"2024-05-20T16:01:13","guid":{"rendered":"https:\/\/www.buddhanatur.com\/?page_id=38"},"modified":"2024-10-22T16:44:01","modified_gmt":"2024-10-22T14:44:01","slug":"beispielseite","status":"publish","type":"page","link":"https:\/\/www.buddhanatur.com\/","title":{"rendered":"Home"},"content":{"rendered":"\n<figure class=\"wp-block-image aligncenter size-full\"><img loading=\"lazy\" decoding=\"async\" width=\"2560\" height=\"1920\" src=\"https:\/\/www.buddhanatur.com\/wp-content\/uploads\/2024\/10\/20230714_130412-scaled.jpg\" alt=\"\" class=\"wp-image-169\" srcset=\"https:\/\/www.buddhanatur.com\/wp-content\/uploads\/2024\/10\/20230714_130412-scaled.jpg 2560w, https:\/\/www.buddhanatur.com\/wp-content\/uploads\/2024\/10\/20230714_130412-300x225.jpg 300w, https:\/\/www.buddhanatur.com\/wp-content\/uploads\/2024\/10\/20230714_130412-1024x768.jpg 1024w, https:\/\/www.buddhanatur.com\/wp-content\/uploads\/2024\/10\/20230714_130412-768x576.jpg 768w, https:\/\/www.buddhanatur.com\/wp-content\/uploads\/2024\/10\/20230714_130412-1536x1152.jpg 1536w, https:\/\/www.buddhanatur.com\/wp-content\/uploads\/2024\/10\/20230714_130412-2048x1536.jpg 2048w\" sizes=\"auto, (max-width: 2560px) 100vw, 2560px\" \/><\/figure>\n\n\n\n<p>Mein Name ist Cornelia. Das Fotografieren interessiert mich schon eine halbe Ewigkeit. Nachdem ich mich damals noch mit Filmen, entwickelten Bildern und dem Umstand des Einklebens in Fotoalben befasste, habe ich die heutige Technik f\u00fcr mich entdeckt und wirklich zu sch\u00e4tzen gelernt. Man k\u00f6nnte diese Website also auch als \u201eFotoalbum 2.0\u201c verstehen.<\/p>\n\n\n\n<p>Das Fotografieren in der Natur bedeutet f\u00fcr mich Achtsamkeit, Ruhe, Geduld und vor allem aber auch Freude. Meine \u201eAusbeute\u201c zu betrachten, ggf. minimal zu bearbeiten, was nur selten n\u00f6tig ist, erf\u00fcllt mich mit Dankbarkeit, Erfurcht und Respekt!<\/p>\n\n\n\n<p>\u201eBuddhanatur\u201c \u2013 der Name meiner Website\u2026 Was f\u00fcr ein passender und sch\u00f6ner Name \u2013 aber ganz ehrlich, das w\u00e4re mir ganz sicher nicht von selbst eingefallen. Meine Gedanken kreisten eher in Richtung \u201eNaturfotografie\u201c oder \u201eHommage an unsere Erde\u201c oder \u201eCornelias Fotowebsite\u201c (ganz gruselig)\u2026  Aber Dank meiner Admini Tsekyi, die mich so ganz beil\u00e4ufig fragte, was ich denn von \u201eBuddhanatur\u201c halten w\u00fcrde, stand der Name der Website fest. Das trifft es n\u00e4mlich punktgenau. Perfekt!<\/p>\n\n\n\n<p>Buddha ist mir so vertraut, genaugenommen schon seit mehr als 3 Jahrzehnten, sozusagen ist er mein permanenter Wegbegleiter oder meine roter Faden, die sich durch mein Leben zieht und immer bei mir ist. Und Natur \u2013 was soll ich sagen\u2026 ich liebe sie! Oft bin ich drau\u00dfen, eigentlich bei jedem Wetter und nie ohne mein Handy, was eine hervorragende Kamera hat \u2013 nein, Ihr findet jetzt hier keine Werbung und ich m\u00f6chte Euch davon auch bewusst verschonen. Aber, wie ja oben schon geschrieben, ist die heutige Technik einfach wunderbar daf\u00fcr geeignet, meinem Hobby neues Leben einzuhauchen.<\/p>\n\n\n\n<p>Die Idee meiner Website ist vor allem, Freude zu verbreiten, zum Betrachten anzuregen, sch\u00f6ne Dinge zu teilen oder einfach nur gut zu tun und\/oder auch zum Spazieren zu animieren.  Und vielleicht entdeckt ja der ein oder andere dabei auch seine Buddhanatur, was im tieferen Sinn bedeutet, dass jedes Lebewesen die F\u00e4higkeit besitzt, die Weisheit eines Buddhas zu erlangen.<\/p>\n\n\n\n<p>Ja, manchmal sind es klitzekleine Begegnungen wie zum Beispiel ein Rosenzweig, an dessen Dorn ein Regentropfen h\u00e4ngt, in dem sich die ganze Umgebung wiederspiegelt, die mich ergreifen und eine tiefe Dankbarkeit daf\u00fcr sp\u00fcren lassen, auf diesem unserem Planeten Erde leben zu d\u00fcrfen!<\/p>\n\n\n\n<p>Ganz besonderen Dank an Tsekyi, die mir sehr geholfen hat, meine \u201eVision Website\u201c zu verwirklichen. Ich danke ihr daf\u00fcr von Herzen!<\/p>\n","protected":false},"excerpt":{"rendered":"<p>Mein Name ist Cornelia. Das Fotografieren interessiert mich schon eine halbe Ewigkeit. Nachdem ich mich damals noch mit Filmen, entwickelten [&hellip;]<\/p>\n","protected":false},"author":1,"featured_media":0,"parent":0,"menu_order":0,"comment_status":"closed","ping_status":"closed","template":"","meta":{"site-sidebar-layout":"default","site-content-layout":"","ast-site-content-layout":"","site-content-style":"default","site-sidebar-style":"default","ast-global-header-display":"","ast-banner-title-visibility":"","ast-main-header-display":"","ast-hfb-above-header-display":"","ast-hfb-below-header-display":"","ast-hfb-mobile-header-display":"","site-post-title":"","ast-breadcrumbs-content":"","ast-featured-img":"","footer-sml-layout":"","theme-transparent-header-meta":"","adv-header-id-meta":"","stick-header-meta":"","header-above-stick-meta":"","header-main-stick-meta":"","header-below-stick-meta":"","astra-migrate-meta-layouts":"default","ast-page-background-enabled":"default","ast-page-background-meta":{"desktop":{"background-color":"var(--ast-global-color-4)","background-image":"","background-repeat":"repeat","background-position":"center center","background-size":"auto","background-attachment":"scroll","background-type":"","background-media":"","overlay-type":"","overlay-color":"","overlay-opacity":"","overlay-gradient":""},"tablet":{"background-color":"","background-image":"","background-repeat":"repeat","background-position":"center center","background-size":"auto","background-attachment":"scroll","background-type":"","background-media":"","overlay-type":"","overlay-color":"","overlay-opacity":"","overlay-gradient":""},"mobile":{"background-color":"","background-image":"","background-repeat":"repeat","background-position":"center center","background-size":"auto","background-attachment":"scroll","background-type":"","background-media":"","overlay-type":"","overlay-color":"","overlay-opacity":"","overlay-gradient":""}},"ast-content-background-meta":{"desktop":{"background-color":"var(--ast-global-color-5)","background-image":"","background-repeat":"repeat","background-position":"center center","background-size":"auto","background-attachment":"scroll","background-type":"","background-media":"","overlay-type":"","overlay-color":"","overlay-opacity":"","overlay-gradient":""},"tablet":{"background-color":"var(--ast-global-color-5)","background-image":"","background-repeat":"repeat","background-position":"center center","background-size":"auto","background-attachment":"scroll","background-type":"","background-media":"","overlay-type":"","overlay-color":"","overlay-opacity":"","overlay-gradient":""},"mobile":{"background-color":"var(--ast-global-color-5)","background-image":"","background-repeat":"repeat","background-position":"center center","background-size":"auto","background-attachment":"scroll","background-type":"","background-media":"","overlay-type":"","overlay-color":"","overlay-opacity":"","overlay-gradient":""}},"footnotes":""},"class_list":["post-38","page","type-page","status-publish","hentry"],"_links":{"self":[{"href":"https:\/\/www.buddhanatur.com\/index.php?rest_route=\/wp\/v2\/pages\/38","targetHints":{"allow":["GET"]}}],"collection":[{"href":"https:\/\/www.buddhanatur.com\/index.php?rest_route=\/wp\/v2\/pages"}],"about":[{"href":"https:\/\/www.buddhanatur.com\/index.php?rest_route=\/wp\/v2\/types\/page"}],"author":[{"embeddable":true,"href":"https:\/\/www.buddhanatur.com\/index.php?rest_route=\/wp\/v2\/users\/1"}],"replies":[{"embeddable":true,"href":"https:\/\/www.buddhanatur.com\/index.php?rest_route=%2Fwp%2Fv2%2Fcomments&post=38"}],"version-history":[{"count":7,"href":"https:\/\/www.buddhanatur.com\/index.php?rest_route=\/wp\/v2\/pages\/38\/revisions"}],"predecessor-version":[{"id":176,"href":"https:\/\/www.buddhanatur.com\/index.php?rest_route=\/wp\/v2\/pages\/38\/revisions\/176"}],"wp:attachment":[{"href":"https:\/\/www.buddhanatur.com\/index.php?rest_route=%2Fwp%2Fv2%2Fmedia&parent=38"}],"curies":[{"name":"wp","href":"https:\/\/api.w.org\/{rel}","templated":true}]}}