{"id":156,"date":"2024-09-24T19:29:52","date_gmt":"2024-09-24T17:29:52","guid":{"rendered":"https:\/\/www.buddhanatur.com\/?page_id=156"},"modified":"2024-10-22T17:07:58","modified_gmt":"2024-10-22T15:07:58","slug":"menschen","status":"publish","type":"page","link":"https:\/\/www.buddhanatur.com\/?page_id=156","title":{"rendered":"Menschen"},"content":{"rendered":"\n<figure class=\"wp-block-image aligncenter size-large\"><img loading=\"lazy\" decoding=\"async\" width=\"1024\" height=\"768\" src=\"https:\/\/www.buddhanatur.com\/wp-content\/uploads\/2024\/10\/20231108_153612-1024x768.jpg\" alt=\"\" class=\"wp-image-186\" srcset=\"https:\/\/www.buddhanatur.com\/wp-content\/uploads\/2024\/10\/20231108_153612-1024x768.jpg 1024w, https:\/\/www.buddhanatur.com\/wp-content\/uploads\/2024\/10\/20231108_153612-300x225.jpg 300w, https:\/\/www.buddhanatur.com\/wp-content\/uploads\/2024\/10\/20231108_153612-768x576.jpg 768w, https:\/\/www.buddhanatur.com\/wp-content\/uploads\/2024\/10\/20231108_153612-1536x1152.jpg 1536w, https:\/\/www.buddhanatur.com\/wp-content\/uploads\/2024\/10\/20231108_153612-2048x1536.jpg 2048w\" sizes=\"auto, (max-width: 1024px) 100vw, 1024px\" \/><\/figure>\n\n\n\n<p>Das Fotografieren von Menschen ist, meiner Meinung nach, eine besondere Kunst und erfordert in der Regel eine sorgf\u00e4ltige Vorbereitung. Mit einer guten Kamera und einer klaren Kommunikation ist (zumindest f\u00fcr meiner Erwartungen), die \u201ehalbe Miete\u201c schon bezahlt.<\/p>\n\n\n\n<p>Der Spa\u00df und die Freude daran stehen an erster Stelle. Die Vielfalt der Individualit\u00e4t l\u00e4sst sowohl meiner Kreativit\u00e4t als auch der des Models viel Spielraum. Dies bietet mir\/uns die wunderbare M\u00f6glichkeit, mit respektvoller und einf\u00fchlsamer Herangehensweise authentische und ausdrucksstarke Portraits zu erstellen &#8211; von Menschen jeglichen Alters.<\/p>\n","protected":false},"excerpt":{"rendered":"<p>Das Fotografieren von Menschen ist, meiner Meinung nach, eine besondere Kunst und erfordert in der Regel eine sorgf\u00e4ltige Vorbereitung. Mit [&hellip;]<\/p>\n","protected":false},"author":1,"featured_media":0,"parent":0,"menu_order":0,"comment_status":"closed","ping_status":"closed","template":"","meta":{"site-sidebar-layout":"default","site-content-layout":"","ast-site-content-layout":"","site-content-style":"default","site-sidebar-style":"default","ast-global-header-display":"","ast-banner-title-visibility":"","ast-main-header-display":"","ast-hfb-above-header-display":"","ast-hfb-below-header-display":"","ast-hfb-mobile-header-display":"","site-post-title":"","ast-breadcrumbs-content":"","ast-featured-img":"","footer-sml-layout":"","theme-transparent-header-meta":"","adv-header-id-meta":"","stick-header-meta":"","header-above-stick-meta":"","header-main-stick-meta":"","header-below-stick-meta":"","astra-migrate-meta-layouts":"default","ast-page-background-enabled":"default","ast-page-background-meta":{"desktop":{"background-color":"var(--ast-global-color-4)","background-image":"","background-repeat":"repeat","background-position":"center center","background-size":"auto","background-attachment":"scroll","background-type":"","background-media":"","overlay-type":"","overlay-color":"","overlay-opacity":"","overlay-gradient":""},"tablet":{"background-color":"","background-image":"","background-repeat":"repeat","background-position":"center center","background-size":"auto","background-attachment":"scroll","background-type":"","background-media":"","overlay-type":"","overlay-color":"","overlay-opacity":"","overlay-gradient":""},"mobile":{"background-color":"","background-image":"","background-repeat":"repeat","background-position":"center center","background-size":"auto","background-attachment":"scroll","background-type":"","background-media":"","overlay-type":"","overlay-color":"","overlay-opacity":"","overlay-gradient":""}},"ast-content-background-meta":{"desktop":{"background-color":"var(--ast-global-color-5)","background-image":"","background-repeat":"repeat","background-position":"center center","background-size":"auto","background-attachment":"scroll","background-type":"","background-media":"","overlay-type":"","overlay-color":"","overlay-opacity":"","overlay-gradient":""},"tablet":{"background-color":"var(--ast-global-color-5)","background-image":"","background-repeat":"repeat","background-position":"center center","background-size":"auto","background-attachment":"scroll","background-type":"","background-media":"","overlay-type":"","overlay-color":"","overlay-opacity":"","overlay-gradient":""},"mobile":{"background-color":"var(--ast-global-color-5)","background-image":"","background-repeat":"repeat","background-position":"center center","background-size":"auto","background-attachment":"scroll","background-type":"","background-media":"","overlay-type":"","overlay-color":"","overlay-opacity":"","overlay-gradient":""}},"footnotes":""},"class_list":["post-156","page","type-page","status-publish","hentry"],"_links":{"self":[{"href":"https:\/\/www.buddhanatur.com\/index.php?rest_route=\/wp\/v2\/pages\/156","targetHints":{"allow":["GET"]}}],"collection":[{"href":"https:\/\/www.buddhanatur.com\/index.php?rest_route=\/wp\/v2\/pages"}],"about":[{"href":"https:\/\/www.buddhanatur.com\/index.php?rest_route=\/wp\/v2\/types\/page"}],"author":[{"embeddable":true,"href":"https:\/\/www.buddhanatur.com\/index.php?rest_route=\/wp\/v2\/users\/1"}],"replies":[{"embeddable":true,"href":"https:\/\/www.buddhanatur.com\/index.php?rest_route=%2Fwp%2Fv2%2Fcomments&post=156"}],"version-history":[{"count":3,"href":"https:\/\/www.buddhanatur.com\/index.php?rest_route=\/wp\/v2\/pages\/156\/revisions"}],"predecessor-version":[{"id":188,"href":"https:\/\/www.buddhanatur.com\/index.php?rest_route=\/wp\/v2\/pages\/156\/revisions\/188"}],"wp:attachment":[{"href":"https:\/\/www.buddhanatur.com\/index.php?rest_route=%2Fwp%2Fv2%2Fmedia&parent=156"}],"curies":[{"name":"wp","href":"https:\/\/api.w.org\/{rel}","templated":true}]}}